{"id":3268,"date":"2020-06-12T11:21:06","date_gmt":"2020-06-12T11:21:06","guid":{"rendered":"https:\/\/www.morefloor.ch\/?page_id=3268"},"modified":"2022-06-30T08:12:05","modified_gmt":"2022-06-30T08:12:05","slug":"floor-for-events-and-trade-fairs","status":"publish","type":"page","link":"https:\/\/www.morefloor.ch\/fr\/floor-for-events-and-trade-fairs\/","title":{"rendered":"rev\u00eatement de sol \u00e9v\u00e9nementiel\u00a0\u00a0"},"content":{"rendered":"<h1>Comment choisir le meilleur rev\u00eatement de sol pour des \u00e9v\u00e9nements et des foires commerciales<\/h1>\n<p><strong>R\u00e9sum\u00e9<\/strong>: Comme vous le savez tous, les \u00e9v\u00e9nements en plein air et les salons professionnels sont la meilleure plate-forme de nos jours pour pr\u00e9senter leurs produits.<\/p>\n<p>Dans chaque pays, ce type d&#8217;\u00e9v\u00e9nement gagne en popularit\u00e9 de jour en jour. Pour une configuration \u00e9norme, il est tr\u00e8s difficile de choisir le meilleur endroit et le style de l&#8217;\u00e9v\u00e9nement.En raison de cela, les organisateurs doivent faire face \u00e0 diverses difficult\u00e9s telles que le lieu, l&#8217;espace, l&#8217;emplacement et bien plus encore et la m\u00e9t\u00e9o la plus importante, apr\u00e8s toutes ces choses, il peut d\u00e9cider o\u00f9 organiser la configuration. Les moyens les plus courants de promotion des marques, les produits de nos jours organisent des \u00e9v\u00e9nements, des fonctions promotionnelles, des foires commerciales, etc.<\/p>\n<p>Il est tr\u00e8s important de choisir le meilleur \u00e9tage pour les \u00e9v\u00e9nements et les foires commerciales apr\u00e8s tout, un grand nombre de rassemblements en un seul endroit, il doit donc \u00eatre pr\u00e9cis et \u00e9tonnant. Ainsi, selon certains organisateurs, le sol devrait \u00eatre facile \u00e0 r\u00e9parer, durable, s\u00fbr et l\u00e9ger. Peut facilement faire face \u00e0 la chaleur, \u00e0 la pluie ou au gel. En dehors de cela, le rev\u00eatement de sol pour les \u00e9v\u00e9nements est sensible \u00e0 tous les types d&#8217;environnement et de pression. Il devrait \u00eatre confortable pour la marche nue, portant tous les types de poids, l&#8217;installation et le retrait de ponts et de sc\u00e8nes \u00e0 poids \u00e9lev\u00e9, d&#8217;automobiles et d&#8217;autres articles.<\/p>\n<p>Auparavant, les gens utilisaient des tapis et d&#8217;autres types de choses pour leurs sols, mais de nos jours, les gens veulent quelque chose de bon march\u00e9 et abordable. Pour attirer les gens, les sols des \u00e9v\u00e9nements doivent \u00eatre attrayants, faciles \u00e0 nettoyer, s\u00fbrs, etc. vous devez vous assurer que le sol que vous allez choisir doit \u00eatre \u00e0 l&#8217;abri de toutes les attentes afin que les gens s&#8217;y d\u00e9placent librement sans aucun probl\u00e8me. Un rev\u00eatement de sol parfait doit \u00eatre exempt de taches et de mouvements, avec une capacit\u00e9 de r\u00e9sistance \u00e9lev\u00e9e aux d\u00e9formations.<\/p>\n<h2>Il est temps de choisir le rev\u00eatement de sol pour les \u00e9v\u00e9nements<\/h2>\n<p>Sur le processus de d\u00e9cision d&#8217;un rev\u00eatement de sol professionnel pour votre \u00e9v\u00e9nement, vous n&#8217;avez pas besoin d&#8217;aller nulle part. Sur notre site Web, nous vous proposons une multitude d&#8217;exp\u00e9riences de rev\u00eatements de sol, allant des \u00e9v\u00e9nements les plus petits aux plus grands, pour les foires commerciales, les expositions et tous les types de restauration. Sur notre site Web, vous obtiendrez un large \u00e9ventail de vari\u00e9t\u00e9s, avec diff\u00e9rentes nuances et textures de carreaux. Vous pouvez facilement choisir parmi une grande vari\u00e9t\u00e9 de mod\u00e8les en fonction de votre \u00e9v\u00e9nement. Nous avons une grande vari\u00e9t\u00e9 pour vous.<\/p>\n<p>Notre rev\u00eatement de sol est enti\u00e8rement durable et r\u00e9sistant aux rayures, ce qui vous offre une exp\u00e9rience de rev\u00eatement de sol Best in Industry pour tous les types de foules et d&#8217;\u00e9v\u00e9nements. Pour les expositions int\u00e9rieures et ext\u00e9rieures, nous avons diff\u00e9rents types de carreaux. Ils sont compl\u00e8tement s\u00fbrs et confortables pour tous les groupes d&#8217;\u00e2ge.<\/p>\n<h2>rev\u00eatement de sol \u00e9v\u00e9nementiel Call\u00a0 <a href=\"tel:41788394168\">+41 78 839 4168<\/a><\/h2>\n","protected":false},"excerpt":{"rendered":"<p>Comment choisir le meilleur rev\u00eatement de sol pour des \u00e9v\u00e9nements et des foires commerciales R\u00e9sum\u00e9: Comme vous le savez tous, les \u00e9v\u00e9nements en plein air et les salons professionnels sont la meilleure plate-forme de nos jours pour pr\u00e9senter leurs produits. Dans chaque pays, ce type d&#8217;\u00e9v\u00e9nement gagne en popularit\u00e9 de jour en jour. Pour une [&hellip;]<\/p>\n","protected":false},"author":1,"featured_media":0,"parent":0,"menu_order":90,"comment_status":"closed","ping_status":"closed","template":"template-fortelockboden.php","meta":{"footnotes":""},"class_list":["post-3268","page","type-page","status-publish","hentry"],"yoast_head":"<!-- This site is optimized with the Yoast SEO plugin v25.6-RC4 - https:\/\/yoast.com\/wordpress\/plugins\/seo\/ -->\n<title>ev\u00eatement de sol \u00e9v\u00e9nementie | Plancher pour \u00e9v\u00e9nements et salons<\/title>\n<meta name=\"description\" content=\"ev\u00eatement de sol \u00e9v\u00e9nementie - Morefloor fournit les solutions de rev\u00eatements de sol \u00e0 vie \u00e0 Floor for Events and Trade Fairs et Event Flooring avec s\u00e9curit\u00e9 et confort pour tous. Appelez +41 78839 4168\" \/>\n<meta name=\"robots\" content=\"index, follow, max-snippet:-1, max-image-preview:large, max-video-preview:-1\" \/>\n<link rel=\"canonical\" href=\"https:\/\/www.morefloor.ch\/fr\/floor-for-events-and-trade-fairs\/\" \/>\n<meta property=\"og:locale\" content=\"fr_FR\" \/>\n<meta property=\"og:locale:alternate\" content=\"en\" \/>\n<meta property=\"og:locale:alternate\" content=\"de\" \/>\n<meta property=\"og:locale:alternate\" content=\"it\" \/>\n<meta property=\"og:type\" content=\"article\" \/>\n<meta property=\"og:title\" content=\"ev\u00eatement de sol \u00e9v\u00e9nementie | Plancher pour \u00e9v\u00e9nements et salons\" \/>\n<meta property=\"og:description\" content=\"ev\u00eatement de sol \u00e9v\u00e9nementie - Morefloor fournit les solutions de rev\u00eatements de sol \u00e0 vie \u00e0 Floor for Events and Trade Fairs et Event Flooring avec s\u00e9curit\u00e9 et confort pour tous. Appelez +41 78839 4168\" \/>\n<meta property=\"og:url\" content=\"https:\/\/www.morefloor.ch\/fr\/floor-for-events-and-trade-fairs\/\" \/>\n<meta property=\"og:site_name\" content=\"Morefloor\" \/>\n<meta property=\"article:publisher\" content=\"https:\/\/www.facebook.com\/www.morefloor.ch\/?pnref=lhc\" \/>\n<meta property=\"article:modified_time\" content=\"2022-06-30T08:12:05+00:00\" \/>\n<meta name=\"twitter:card\" content=\"summary_large_image\" \/>\n<meta name=\"twitter:title\" content=\"Boden f\u00fcr Events und Messen | Event-Bodenbelag | Morefloor\" \/>\n<meta name=\"twitter:description\" content=\"Boden f\u00fcr Events und Messen - Morefloor bietet die lebenslangen Bodenbelagsl\u00f6sungen f\u00fcr Floor for Events und Messen sowie Event Flooring mit Sicherheit und Komfort f\u00fcr alle.\" \/>\n<meta name=\"twitter:label1\" content=\"Est. reading time\" \/>\n\t<meta name=\"twitter:data1\" content=\"9 minutes\" \/>\n<script type=\"application\/ld+json\" class=\"yoast-schema-graph\">{\"@context\":\"https:\/\/schema.org\",\"@graph\":[{\"@type\":\"WebPage\",\"@id\":\"https:\/\/www.morefloor.ch\/fr\/floor-for-events-and-trade-fairs\/\",\"url\":\"https:\/\/www.morefloor.ch\/de\/floor-for-events-and-trade-fairs\/\",\"name\":\"ev\u00eatement de sol \u00e9v\u00e9nementie | Plancher pour \u00e9v\u00e9nements et salons\",\"isPartOf\":{\"@id\":\"https:\/\/www.morefloor.ch\/#website\"},\"datePublished\":\"2020-06-12T11:21:06+00:00\",\"dateModified\":\"2022-06-30T08:12:05+00:00\",\"description\":\"ev\u00eatement de sol \u00e9v\u00e9nementie - Morefloor fournit les solutions de rev\u00eatements de sol \u00e0 vie \u00e0 Floor for Events and Trade Fairs et Event Flooring avec s\u00e9curit\u00e9 et confort pour tous. Appelez +41 78839 4168\",\"inLanguage\":\"fr\",\"potentialAction\":[{\"@type\":\"ReadAction\",\"target\":[\"https:\/\/www.morefloor.ch\/de\/floor-for-events-and-trade-fairs\/\"]}]},{\"@type\":\"WebSite\",\"@id\":\"https:\/\/www.morefloor.ch\/#website\",\"url\":\"https:\/\/www.morefloor.ch\/\",\"name\":\"Morefloor\",\"description\":\"Cr\u00e9ateur et concepteur de plans d'\u00e9tage\",\"potentialAction\":[{\"@type\":\"SearchAction\",\"target\":{\"@type\":\"EntryPoint\",\"urlTemplate\":\"https:\/\/www.morefloor.ch\/?s={search_term_string}\"},\"query-input\":{\"@type\":\"PropertyValueSpecification\",\"valueRequired\":true,\"valueName\":\"search_term_string\"}}],\"inLanguage\":\"fr\"}]}<\/script>\n<!-- \/ Yoast SEO plugin. -->","yoast_head_json":{"title":"ev\u00eatement de sol \u00e9v\u00e9nementie | Plancher pour \u00e9v\u00e9nements et salons","description":"ev\u00eatement de sol \u00e9v\u00e9nementie - Morefloor fournit les solutions de rev\u00eatements de sol \u00e0 vie \u00e0 Floor for Events and Trade Fairs et Event Flooring avec s\u00e9curit\u00e9 et confort pour tous. Appelez +41 78839 4168","robots":{"index":"index","follow":"follow","max-snippet":"max-snippet:-1","max-image-preview":"max-image-preview:large","max-video-preview":"max-video-preview:-1"},"canonical":"https:\/\/www.morefloor.ch\/fr\/floor-for-events-and-trade-fairs\/","og_locale":"fr_FR","og_type":"article","og_title":"ev\u00eatement de sol \u00e9v\u00e9nementie | Plancher pour \u00e9v\u00e9nements et salons","og_description":"ev\u00eatement de sol \u00e9v\u00e9nementie - Morefloor fournit les solutions de rev\u00eatements de sol \u00e0 vie \u00e0 Floor for Events and Trade Fairs et Event Flooring avec s\u00e9curit\u00e9 et confort pour tous. Appelez +41 78839 4168","og_url":"https:\/\/www.morefloor.ch\/fr\/floor-for-events-and-trade-fairs\/","og_site_name":"Morefloor","article_publisher":"https:\/\/www.facebook.com\/www.morefloor.ch\/?pnref=lhc","article_modified_time":"2022-06-30T08:12:05+00:00","twitter_card":"summary_large_image","twitter_title":"Boden f\u00fcr Events und Messen | Event-Bodenbelag | Morefloor","twitter_description":"Boden f\u00fcr Events und Messen - Morefloor bietet die lebenslangen Bodenbelagsl\u00f6sungen f\u00fcr Floor for Events und Messen sowie Event Flooring mit Sicherheit und Komfort f\u00fcr alle.","twitter_misc":{"Est. reading time":"9 minutes"},"schema":{"@context":"https:\/\/schema.org","@graph":[{"@type":"WebPage","@id":"https:\/\/www.morefloor.ch\/fr\/floor-for-events-and-trade-fairs\/","url":"https:\/\/www.morefloor.ch\/de\/floor-for-events-and-trade-fairs\/","name":"ev\u00eatement de sol \u00e9v\u00e9nementie | Plancher pour \u00e9v\u00e9nements et salons","isPartOf":{"@id":"https:\/\/www.morefloor.ch\/#website"},"datePublished":"2020-06-12T11:21:06+00:00","dateModified":"2022-06-30T08:12:05+00:00","description":"ev\u00eatement de sol \u00e9v\u00e9nementie - Morefloor fournit les solutions de rev\u00eatements de sol \u00e0 vie \u00e0 Floor for Events and Trade Fairs et Event Flooring avec s\u00e9curit\u00e9 et confort pour tous. Appelez +41 78839 4168","inLanguage":"fr","potentialAction":[{"@type":"ReadAction","target":["https:\/\/www.morefloor.ch\/de\/floor-for-events-and-trade-fairs\/"]}]},{"@type":"WebSite","@id":"https:\/\/www.morefloor.ch\/#website","url":"https:\/\/www.morefloor.ch\/","name":"Morefloor","description":"Cr\u00e9ateur et concepteur de plans d'\u00e9tage","potentialAction":[{"@type":"SearchAction","target":{"@type":"EntryPoint","urlTemplate":"https:\/\/www.morefloor.ch\/?s={search_term_string}"},"query-input":{"@type":"PropertyValueSpecification","valueRequired":true,"valueName":"search_term_string"}}],"inLanguage":"fr"}]}},"_links":{"self":[{"href":"https:\/\/www.morefloor.ch\/fr\/wp-json\/wp\/v2\/pages\/3268","targetHints":{"allow":["GET"]}}],"collection":[{"href":"https:\/\/www.morefloor.ch\/fr\/wp-json\/wp\/v2\/pages"}],"about":[{"href":"https:\/\/www.morefloor.ch\/fr\/wp-json\/wp\/v2\/types\/page"}],"author":[{"embeddable":true,"href":"https:\/\/www.morefloor.ch\/fr\/wp-json\/wp\/v2\/users\/1"}],"replies":[{"embeddable":true,"href":"https:\/\/www.morefloor.ch\/fr\/wp-json\/wp\/v2\/comments?post=3268"}],"version-history":[{"count":0,"href":"https:\/\/www.morefloor.ch\/fr\/wp-json\/wp\/v2\/pages\/3268\/revisions"}],"wp:attachment":[{"href":"https:\/\/www.morefloor.ch\/fr\/wp-json\/wp\/v2\/media?parent=3268"}],"curies":[{"name":"wp","href":"https:\/\/api.w.org\/{rel}","templated":true}]}}